{"id":64,"date":"2019-04-07T07:29:35","date_gmt":"2019-04-07T05:29:35","guid":{"rendered":"http:\/\/www.autodopravastejskal.cz\/?page_id=64"},"modified":"2019-04-07T07:29:35","modified_gmt":"2019-04-07T05:29:35","slug":"vitejte","status":"publish","type":"page","link":"https:\/\/www.autodopravastejskal.cz\/","title":{"rendered":"V\u00edtejte"},"content":{"rendered":"\n<p>Na\u0161e spole\u010dnost ud\u011bl\u00e1 v\u0161e pro Va\u0161i spokojenost &#8211; od v\u00fdkopu p\u0159es odvoz a dovoz materi\u00e1lu na Va\u0161i stavbu.<\/p>\n","protected":false},"excerpt":{"rendered":"<p>Na\u0161e spole\u010dnost ud\u011bl\u00e1 v\u0161e pro Va\u0161i spokojenost &#8211; od v\u00fdkopu p\u0159es odvoz a dovoz materi\u00e1lu na Va\u0161i stavbu.<\/p>\n","protected":false},"author":1,"featured_media":0,"parent":0,"menu_order":0,"comment_status":"closed","ping_status":"closed","template":"","meta":[],"_links":{"self":[{"href":"https:\/\/www.autodopravastejskal.cz\/index.php?rest_route=\/wp\/v2\/pages\/64"}],"collection":[{"href":"https:\/\/www.autodopravastejskal.cz\/index.php?rest_route=\/wp\/v2\/pages"}],"about":[{"href":"https:\/\/www.autodopravastejskal.cz\/index.php?rest_route=\/wp\/v2\/types\/page"}],"author":[{"embeddable":true,"href":"https:\/\/www.autodopravastejskal.cz\/index.php?rest_route=\/wp\/v2\/users\/1"}],"replies":[{"embeddable":true,"href":"https:\/\/www.autodopravastejskal.cz\/index.php?rest_route=%2Fwp%2Fv2%2Fcomments&post=64"}],"version-history":[{"count":1,"href":"https:\/\/www.autodopravastejskal.cz\/index.php?rest_route=\/wp\/v2\/pages\/64\/revisions"}],"predecessor-version":[{"id":65,"href":"https:\/\/www.autodopravastejskal.cz\/index.php?rest_route=\/wp\/v2\/pages\/64\/revisions\/65"}],"wp:attachment":[{"href":"https:\/\/www.autodopravastejskal.cz\/index.php?rest_route=%2Fwp%2Fv2%2Fmedia&parent=64"}],"curies":[{"name":"wp","href":"https:\/\/api.w.org\/{rel}","templated":true}]}}